{"id":816,"date":"2020-12-02T04:49:10","date_gmt":"2020-12-02T04:49:10","guid":{"rendered":"http:\/\/www.slashcreative.co\/dmip\/psychare\/?page_id=816"},"modified":"2025-01-28T16:26:25","modified_gmt":"2025-01-28T15:26:25","slug":"therapie-destime-de-soi","status":"publish","type":"page","link":"https:\/\/psychologuetanger.com\/portail\/index.php\/programs\/therapie-destime-de-soi\/","title":{"rendered":"Th\u00e9rapie d\u2019estime de soi"},"content":{"rendered":"<p>[vc_row content_style=\u00a0\u00bbcontent_dark\u00a0\u00bb][vc_column content_style=\u00a0\u00bbcontent_dark\u00a0\u00bb][vc_custom_heading source=\u00a0\u00bb\u00a0\u00bb text=\u00a0\u00bbTh\u00e9rapie d\u2019estime de soi : Retrouver la confiance en soi\u00a0\u00bb font_container=\u00a0\u00bbtag:h3|font_size:27|text_align:left\u00a0\u00bb custom_heading_font_weights=\u00a0\u00bbfont-700&Prime; css=\u00a0\u00bb.vc_custom_1738077981467{margin-bottom: 20px !important;}\u00a0\u00bb][vc_column_text]<\/p>\n<p data-pm-slice=\"1 1 []\">L\u2019estime de soi est un \u00e9l\u00e9ment central de notre bien-\u00eatre \u00e9motionnel. Elle refl\u00e8te la fa\u00e7on dont nous nous percevons, nous valorisons et nous respectons. Pourtant, il est courant de traverser des p\u00e9riodes o\u00f9 notre confiance en nous vacille. La th\u00e9rapie d\u2019estime de soi vise \u00e0 aider chacun \u00e0 renforcer cette image de soi et \u00e0 s\u2019\u00e9panouir pleinement.<\/p>\n<h3>Pourquoi l\u2019estime de soi est-elle importante\u00a0?<\/h3>\n<p>Une estime de soi saine est essentielle pour\u00a0:<\/p>\n<ol start=\"1\" data-spread=\"false\">\n<li><strong>Prendre des d\u00e9cisions positives<\/strong> : Une bonne confiance en soi nous permet de faire des choix align\u00e9s avec nos valeurs et nos besoins.<\/li>\n<li><strong>Surmonter les obstacles<\/strong> : Lorsque nous croyons en nos capacit\u00e9s, nous sommes plus r\u00e9silients face aux d\u00e9fis.<\/li>\n<li><strong>Cultiver des relations saines<\/strong> : Une image de soi \u00e9quilibr\u00e9e favorise des interactions authentiques avec les autres.<\/li>\n<li><strong>Favoriser le bien-\u00eatre g\u00e9n\u00e9ral<\/strong> : L\u2019estime de soi est li\u00e9e \u00e0 une meilleure sant\u00e9 mentale et \u00e9motionnelle.<\/li>\n<\/ol>\n<h3>Signes d\u2019une faible estime de soi<\/h3>\n<p>Certaines attitudes ou comportements peuvent indiquer un manque de confiance en soi, tels que\u00a0:<\/p>\n<ul data-spread=\"false\">\n<li>La peur excessive de l\u2019\u00e9chec ou du rejet.<\/li>\n<li>La difficult\u00e9 \u00e0 accepter les compliments.<\/li>\n<li>Une tendance \u00e0 l\u2019autocritique excessive.<\/li>\n<li>La comparaison constante aux autres.<\/li>\n<li>Le sentiment de ne pas \u00eatre \u00e0 la hauteur.<\/li>\n<\/ul>\n<h3>Comment la th\u00e9rapie d\u2019estime de soi peut aider\u00a0?<\/h3>\n<p>La th\u00e9rapie d\u2019estime de soi propose des outils et des strat\u00e9gies pour\u00a0:<\/p>\n<ol start=\"1\" data-spread=\"false\">\n<li><strong>Identifier les causes profondes<\/strong> : Comprendre les origines des croyances limitantes sur soi-m\u00eame.<\/li>\n<li><strong>Reformuler les pens\u00e9es n\u00e9gatives<\/strong> : Apprendre \u00e0 remplacer les jugements d\u00e9favorables par des affirmations positives.<\/li>\n<li><strong>Explorer ses forces<\/strong> : Reconna\u00eetre et valoriser ses qualit\u00e9s et r\u00e9ussites.<\/li>\n<li><strong>D\u00e9velopper des comp\u00e9tences sociales<\/strong> : Am\u00e9liorer sa communication et son assertivit\u00e9 pour interagir avec les autres de mani\u00e8re confiante.<\/li>\n<li><strong>Fixer des objectifs r\u00e9alistes<\/strong> : Travailler \u00e0 des projets adapt\u00e9s \u00e0 ses comp\u00e9tences et ses aspirations.<\/li>\n<\/ol>\n<h3>Exercices pour renforcer l\u2019estime de soi<\/h3>\n<p>En parall\u00e8le de la th\u00e9rapie, voici quelques pratiques utiles\u00a0:<\/p>\n<ul data-spread=\"false\">\n<li><strong>Le journal de gratitude<\/strong> : Notez chaque jour trois choses positives sur vous-m\u00eame ou sur votre journ\u00e9e.<\/li>\n<li><strong>Les affirmations positives<\/strong> : R\u00e9p\u00e9tez des phrases encourageantes telles que\u00a0: \u00ab\u00a0Je m\u00e9rite le bonheur\u00a0\u00bb.<\/li>\n<li><strong>La visualisation<\/strong> : Imaginez-vous r\u00e9ussissant dans une situation difficile pour booster votre confiance.<\/li>\n<li><strong>Les petits pas<\/strong> : Fixez-vous des t\u00e2ches simples \u00e0 accomplir et c\u00e9l\u00e9brez chaque succ\u00e8s.<\/li>\n<\/ul>\n<h3>Quand consulter un professionnel\u00a0?<\/h3>\n<p>Si vous ressentez que votre faible estime de soi impacte gravement votre vie personnelle, professionnelle ou sociale, il peut \u00eatre utile de consulter un psychologue ou un conseiller. Ces professionnels vous aideront \u00e0 d\u00e9velopper une meilleure perception de vous-m\u00eame et \u00e0 surmonter vos doutes.<\/p>\n<h3>Les bienfaits d\u2019une estime de soi renforc\u00e9e<\/h3>\n<p>En travaillant sur votre estime de soi, vous pouvez\u00a0:<\/p>\n<ul data-spread=\"false\">\n<li>\u00c9tablir des relations plus \u00e9panouies.<\/li>\n<li>Explorer de nouvelles opportunit\u00e9s avec courage.<\/li>\n<li>R\u00e9duire le stress et l\u2019anxi\u00e9t\u00e9.<\/li>\n<li>Atteindre un \u00e9quilibre \u00e9motionnel durable.<\/li>\n<\/ul>\n<h3>Conclusion<\/h3>\n<p>Renforcer l\u2019estime de soi est un processus qui demande du temps, de la patience et un accompagnement adapt\u00e9. Chaque petit pas vers une meilleure confiance en soi contribue \u00e0 une vie plus \u00e9panouie et harmonieuse. Prenez soin de vous, soyez indulgent envers vous-m\u00eame et osez croire en votre potentiel.[\/vc_column_text][\/vc_column][\/vc_row]<\/p>\n","protected":false},"excerpt":{"rendered":"<p>[vc_row content_style=\u00a0\u00bbcontent_dark\u00a0\u00bb][vc_column content_style=\u00a0\u00bbcontent_dark\u00a0\u00bb][vc_custom_heading source=\u00a0\u00bb\u00a0\u00bb text=\u00a0\u00bbTh\u00e9rapie d\u2019estime de soi : Retrouver la confiance en soi\u00a0\u00bb font_container=\u00a0\u00bbtag:h3|font_size:27|text_align:left\u00a0\u00bb custom_heading_font_weights=\u00a0\u00bbfont-700&Prime; css=\u00a0\u00bb.vc_custom_1738077981467{margin-bottom: 20px !important;}\u00a0\u00bb][vc_column_text] L\u2019estime de soi est un \u00e9l\u00e9ment central de notre bien-\u00eatre \u00e9motionnel. Elle refl\u00e8te la fa\u00e7on dont nous nous percevons, nous valorisons et nous respectons. Pourtant, il est courant de traverser des p\u00e9riodes o\u00f9 notre confiance en [&hellip;]<\/p>\n","protected":false},"author":1,"featured_media":0,"parent":657,"menu_order":0,"comment_status":"closed","ping_status":"closed","template":"sidebar-right.php","meta":{"footnotes":""},"class_list":["post-816","page","type-page","status-publish","hentry"],"acf":[],"_links":{"self":[{"href":"https:\/\/psychologuetanger.com\/portail\/index.php\/wp-json\/wp\/v2\/pages\/816","targetHints":{"allow":["GET"]}}],"collection":[{"href":"https:\/\/psychologuetanger.com\/portail\/index.php\/wp-json\/wp\/v2\/pages"}],"about":[{"href":"https:\/\/psychologuetanger.com\/portail\/index.php\/wp-json\/wp\/v2\/types\/page"}],"author":[{"embeddable":true,"href":"https:\/\/psychologuetanger.com\/portail\/index.php\/wp-json\/wp\/v2\/users\/1"}],"replies":[{"embeddable":true,"href":"https:\/\/psychologuetanger.com\/portail\/index.php\/wp-json\/wp\/v2\/comments?post=816"}],"version-history":[{"count":2,"href":"https:\/\/psychologuetanger.com\/portail\/index.php\/wp-json\/wp\/v2\/pages\/816\/revisions"}],"predecessor-version":[{"id":1146,"href":"https:\/\/psychologuetanger.com\/portail\/index.php\/wp-json\/wp\/v2\/pages\/816\/revisions\/1146"}],"up":[{"embeddable":true,"href":"https:\/\/psychologuetanger.com\/portail\/index.php\/wp-json\/wp\/v2\/pages\/657"}],"wp:attachment":[{"href":"https:\/\/psychologuetanger.com\/portail\/index.php\/wp-json\/wp\/v2\/media?parent=816"}],"curies":[{"name":"wp","href":"https:\/\/api.w.org\/{rel}","templated":true}]}}